{"id":40,"date":"2021-01-17T19:15:00","date_gmt":"2021-01-17T18:15:00","guid":{"rendered":"https:\/\/www.katla-architektur.de\/wordpress\/?page_id=40"},"modified":"2021-12-22T20:59:10","modified_gmt":"2021-12-22T19:59:10","slug":"leistung","status":"publish","type":"page","link":"https:\/\/www.katla-architektur.de\/wordpress\/leistung\/","title":{"rendered":"leistungen"},"content":{"rendered":"\n<p class=\"has-text-align-left\">Im Bereich Neubau und Erweiterung von Geb\u00e4uden biete ich alle Leistungsphasen  an.<br><em><br>1. Grundlagenermittlung<br>2. Vorplanung<br>3. Entwurfsplanung<br>4. Genehmigungsplanung<br>5. Ausf\u00fchrungsplanung<br>6. Vorbereitung der Vergabe<br>7. Mitwirkung bei der Vergabe<br>8. Objekt\u00fcberwachung<br>9. Objektbetreuung<\/em><\/p>\n\n\n\n<p class=\"has-text-align-left\">Ziel meiner Arbeit ist eine nachhaltige Bauweise, vorzugsweise im Holzbau, um \u00f6kologische und gesunde Lebensr\u00e4ume zu schaffen. Hierbei k\u00f6nnen auch nat\u00fcrliche Materialien im Innenausbau, wie Lehmputz an den W\u00e4nden oder Holzweichfaserplatten in Verbindung mit Kalksplitt als Untergrund f\u00fcr Holzb\u00f6den verwendet werden.<\/p>\n\n\n\n<figure class=\"wp-block-image size-large is-resized is-style-default\"><img loading=\"lazy\" decoding=\"async\" src=\"https:\/\/www.katla-architektur.de\/wordpress\/wp-content\/uploads\/2021\/01\/IMG_20200727_101533-1024x683.jpg\" alt=\"\" class=\"wp-image-218\" width=\"768\" height=\"512\" srcset=\"https:\/\/www.katla-architektur.de\/wp-content\/uploads\/2021\/01\/IMG_20200727_101533-1024x683.jpg 1024w, https:\/\/www.katla-architektur.de\/wp-content\/uploads\/2021\/01\/IMG_20200727_101533-300x200.jpg 300w, https:\/\/www.katla-architektur.de\/wp-content\/uploads\/2021\/01\/IMG_20200727_101533-768x512.jpg 768w, https:\/\/www.katla-architektur.de\/wp-content\/uploads\/2021\/01\/IMG_20200727_101533-1536x1024.jpg 1536w, https:\/\/www.katla-architektur.de\/wp-content\/uploads\/2021\/01\/IMG_20200727_101533-2048x1365.jpg 2048w\" sizes=\"auto, (max-width: 706px) 89vw, (max-width: 767px) 82vw, 740px\" \/><\/figure>\n\n\n\n<figure class=\"wp-block-image size-large is-resized\"><img loading=\"lazy\" decoding=\"async\" src=\"https:\/\/www.katla-architektur.de\/wordpress\/wp-content\/uploads\/2021\/01\/IMG_20200625_103841-1024x768.jpg\" alt=\"\" class=\"wp-image-186\" width=\"768\" height=\"576\" srcset=\"https:\/\/www.katla-architektur.de\/wp-content\/uploads\/2021\/01\/IMG_20200625_103841-1024x768.jpg 1024w, https:\/\/www.katla-architektur.de\/wp-content\/uploads\/2021\/01\/IMG_20200625_103841-300x225.jpg 300w, https:\/\/www.katla-architektur.de\/wp-content\/uploads\/2021\/01\/IMG_20200625_103841-768x576.jpg 768w, https:\/\/www.katla-architektur.de\/wp-content\/uploads\/2021\/01\/IMG_20200625_103841-1536x1152.jpg 1536w, https:\/\/www.katla-architektur.de\/wp-content\/uploads\/2021\/01\/IMG_20200625_103841-2048x1536.jpg 2048w\" sizes=\"auto, (max-width: 706px) 89vw, (max-width: 767px) 82vw, 740px\" \/><\/figure>\n\n\n\n<p class=\"has-text-align-left\">Die Sanierung und Instandsetzung von bestehenden Geb\u00e4uden, auch im Bereich Ensemble- und Denkmalschutz, nimmt eine wichtige Rolle beim nachhaltigen Bauen ein und ist in meinem Leistungsspektrum enthalten.<\/p>\n\n\n\n<figure class=\"wp-block-image size-large is-resized\"><img loading=\"lazy\" decoding=\"async\" src=\"https:\/\/www.katla-architektur.de\/wordpress\/wp-content\/uploads\/2021\/01\/IMG_5539.CR2_-1024x682.jpg\" alt=\"\" class=\"wp-image-219\" width=\"768\" height=\"512\" srcset=\"https:\/\/www.katla-architektur.de\/wp-content\/uploads\/2021\/01\/IMG_5539.CR2_-1024x682.jpg 1024w, https:\/\/www.katla-architektur.de\/wp-content\/uploads\/2021\/01\/IMG_5539.CR2_-300x200.jpg 300w, https:\/\/www.katla-architektur.de\/wp-content\/uploads\/2021\/01\/IMG_5539.CR2_-768x511.jpg 768w, https:\/\/www.katla-architektur.de\/wp-content\/uploads\/2021\/01\/IMG_5539.CR2_-1536x1023.jpg 1536w, https:\/\/www.katla-architektur.de\/wp-content\/uploads\/2021\/01\/IMG_5539.CR2_-2048x1363.jpg 2048w\" sizes=\"auto, (max-width: 706px) 89vw, (max-width: 767px) 82vw, 740px\" \/><\/figure>\n\n\n\n<figure class=\"wp-block-image size-large is-resized\"><img loading=\"lazy\" decoding=\"async\" src=\"https:\/\/www.katla-architektur.de\/wordpress\/wp-content\/uploads\/2021\/01\/181203-Markt-Erlbach-Sanierung-Scheune-Vorentwurf-Bild1-bearbeitet-1024x512.jpg\" alt=\"\" class=\"wp-image-220\" width=\"768\" height=\"384\" srcset=\"https:\/\/www.katla-architektur.de\/wp-content\/uploads\/2021\/01\/181203-Markt-Erlbach-Sanierung-Scheune-Vorentwurf-Bild1-bearbeitet-1024x512.jpg 1024w, https:\/\/www.katla-architektur.de\/wp-content\/uploads\/2021\/01\/181203-Markt-Erlbach-Sanierung-Scheune-Vorentwurf-Bild1-bearbeitet-300x150.jpg 300w, https:\/\/www.katla-architektur.de\/wp-content\/uploads\/2021\/01\/181203-Markt-Erlbach-Sanierung-Scheune-Vorentwurf-Bild1-bearbeitet-768x384.jpg 768w, https:\/\/www.katla-architektur.de\/wp-content\/uploads\/2021\/01\/181203-Markt-Erlbach-Sanierung-Scheune-Vorentwurf-Bild1-bearbeitet-1536x768.jpg 1536w, https:\/\/www.katla-architektur.de\/wp-content\/uploads\/2021\/01\/181203-Markt-Erlbach-Sanierung-Scheune-Vorentwurf-Bild1-bearbeitet-2048x1024.jpg 2048w\" sizes=\"auto, (max-width: 706px) 89vw, (max-width: 767px) 82vw, 740px\" \/><\/figure>\n\n\n\n<p class=\"has-text-align-left\">Ebenfalls spielt bei \u00e4lteren Geb\u00e4uden oftmals der geringe Platz eine Rolle, hier kann mit Hilfe von Anbauten eine Wohnraumerweiterung geschaffen werden.<\/p>\n\n\n\n<figure class=\"wp-block-image size-large is-resized\"><img loading=\"lazy\" decoding=\"async\" src=\"https:\/\/www.katla-architektur.de\/wordpress\/wp-content\/uploads\/2021\/01\/IMG_20190920_115031-1024x768.jpg\" alt=\"\" class=\"wp-image-221\" width=\"768\" height=\"576\" srcset=\"https:\/\/www.katla-architektur.de\/wp-content\/uploads\/2021\/01\/IMG_20190920_115031-1024x768.jpg 1024w, https:\/\/www.katla-architektur.de\/wp-content\/uploads\/2021\/01\/IMG_20190920_115031-300x225.jpg 300w, https:\/\/www.katla-architektur.de\/wp-content\/uploads\/2021\/01\/IMG_20190920_115031-768x576.jpg 768w, https:\/\/www.katla-architektur.de\/wp-content\/uploads\/2021\/01\/IMG_20190920_115031-1536x1152.jpg 1536w, https:\/\/www.katla-architektur.de\/wp-content\/uploads\/2021\/01\/IMG_20190920_115031-2048x1536.jpg 2048w\" sizes=\"auto, (max-width: 706px) 89vw, (max-width: 767px) 82vw, 740px\" \/><\/figure>\n\n\n\n<figure class=\"wp-block-image size-large is-resized\"><img loading=\"lazy\" decoding=\"async\" src=\"https:\/\/www.katla-architektur.de\/wordpress\/wp-content\/uploads\/2021\/01\/181029-Anbau-Fam.-Janker-Werkplanung-Bild1-1024x683.jpg\" alt=\"\" class=\"wp-image-203\" width=\"768\" height=\"512\" srcset=\"https:\/\/www.katla-architektur.de\/wp-content\/uploads\/2021\/01\/181029-Anbau-Fam.-Janker-Werkplanung-Bild1-1024x683.jpg 1024w, https:\/\/www.katla-architektur.de\/wp-content\/uploads\/2021\/01\/181029-Anbau-Fam.-Janker-Werkplanung-Bild1-300x200.jpg 300w, https:\/\/www.katla-architektur.de\/wp-content\/uploads\/2021\/01\/181029-Anbau-Fam.-Janker-Werkplanung-Bild1-768x512.jpg 768w, https:\/\/www.katla-architektur.de\/wp-content\/uploads\/2021\/01\/181029-Anbau-Fam.-Janker-Werkplanung-Bild1.jpg 1181w\" sizes=\"auto, (max-width: 706px) 89vw, (max-width: 767px) 82vw, 740px\" \/><\/figure>\n\n\n\n<p class=\"has-text-align-left\">Hinzu kommt die Beratung f\u00fcr Modernisierung im Bereich Energieeffizienz und Barrierefreiheit, Brandschutzkonzepte f\u00fcr kleinere Bauvorhaben und die Planung und Gestaltung von Au\u00dfenanlagen.<\/p>\n\n\n\n<figure class=\"wp-block-image size-large is-resized\"><img loading=\"lazy\" decoding=\"async\" src=\"https:\/\/www.katla-architektur.de\/wordpress\/wp-content\/uploads\/2021\/01\/LostFile_JPG_47660207-1024x768.jpg\" alt=\"\" class=\"wp-image-223\" width=\"768\" height=\"576\" srcset=\"https:\/\/www.katla-architektur.de\/wp-content\/uploads\/2021\/01\/LostFile_JPG_47660207-1024x768.jpg 1024w, https:\/\/www.katla-architektur.de\/wp-content\/uploads\/2021\/01\/LostFile_JPG_47660207-300x225.jpg 300w, https:\/\/www.katla-architektur.de\/wp-content\/uploads\/2021\/01\/LostFile_JPG_47660207-768x576.jpg 768w, https:\/\/www.katla-architektur.de\/wp-content\/uploads\/2021\/01\/LostFile_JPG_47660207-1536x1152.jpg 1536w, https:\/\/www.katla-architektur.de\/wp-content\/uploads\/2021\/01\/LostFile_JPG_47660207-2048x1536.jpg 2048w\" sizes=\"auto, (max-width: 706px) 89vw, (max-width: 767px) 82vw, 740px\" \/><\/figure>\n\n\n\n<figure class=\"wp-block-image size-large is-resized\"><img loading=\"lazy\" decoding=\"async\" src=\"https:\/\/www.katla-architektur.de\/wordpress\/wp-content\/uploads\/2021\/01\/200225-Gestaltung-Aussenanlagen-Eingangsbereich-Schelmengraben-Bild1-bearbeitet-1024x865.jpg\" alt=\"\" class=\"wp-image-225\" width=\"768\" height=\"649\" srcset=\"https:\/\/www.katla-architektur.de\/wp-content\/uploads\/2021\/01\/200225-Gestaltung-Aussenanlagen-Eingangsbereich-Schelmengraben-Bild1-bearbeitet-1024x865.jpg 1024w, https:\/\/www.katla-architektur.de\/wp-content\/uploads\/2021\/01\/200225-Gestaltung-Aussenanlagen-Eingangsbereich-Schelmengraben-Bild1-bearbeitet-300x254.jpg 300w, https:\/\/www.katla-architektur.de\/wp-content\/uploads\/2021\/01\/200225-Gestaltung-Aussenanlagen-Eingangsbereich-Schelmengraben-Bild1-bearbeitet-768x649.jpg 768w, https:\/\/www.katla-architektur.de\/wp-content\/uploads\/2021\/01\/200225-Gestaltung-Aussenanlagen-Eingangsbereich-Schelmengraben-Bild1-bearbeitet-1536x1298.jpg 1536w, https:\/\/www.katla-architektur.de\/wp-content\/uploads\/2021\/01\/200225-Gestaltung-Aussenanlagen-Eingangsbereich-Schelmengraben-Bild1-bearbeitet.jpg 1957w\" sizes=\"auto, (max-width: 706px) 89vw, (max-width: 767px) 82vw, 740px\" \/><\/figure>\n\n\n\n<p><\/p>\n","protected":false},"excerpt":{"rendered":"<p>Im Bereich Neubau und Erweiterung von Geb\u00e4uden biete ich alle Leistungsphasen an.1. Grundlagenermittlung2. Vorplanung3. Entwurfsplanung4. Genehmigungsplanung5. Ausf\u00fchrungsplanung6. Vorbereitung der Vergabe7. Mitwirkung bei der Vergabe8. Objekt\u00fcberwachung9. Objektbetreuung Ziel meiner Arbeit ist eine nachhaltige Bauweise, vorzugsweise im Holzbau, um \u00f6kologische und gesunde Lebensr\u00e4ume zu schaffen. Hierbei k\u00f6nnen auch nat\u00fcrliche Materialien im Innenausbau, wie Lehmputz an den W\u00e4nden &hellip; <\/p>\n<p class=\"link-more\"><a href=\"https:\/\/www.katla-architektur.de\/wordpress\/leistung\/\" class=\"more-link\"><span class=\"screen-reader-text\">\u201eleistungen\u201c <\/span>weiterlesen<\/a><\/p>\n","protected":false},"author":1,"featured_media":0,"parent":0,"menu_order":0,"comment_status":"closed","ping_status":"closed","template":"","meta":{"footnotes":""},"class_list":["post-40","page","type-page","status-publish","hentry"],"_links":{"self":[{"href":"https:\/\/www.katla-architektur.de\/wordpress\/wp-json\/wp\/v2\/pages\/40","targetHints":{"allow":["GET"]}}],"collection":[{"href":"https:\/\/www.katla-architektur.de\/wordpress\/wp-json\/wp\/v2\/pages"}],"about":[{"href":"https:\/\/www.katla-architektur.de\/wordpress\/wp-json\/wp\/v2\/types\/page"}],"author":[{"embeddable":true,"href":"https:\/\/www.katla-architektur.de\/wordpress\/wp-json\/wp\/v2\/users\/1"}],"replies":[{"embeddable":true,"href":"https:\/\/www.katla-architektur.de\/wordpress\/wp-json\/wp\/v2\/comments?post=40"}],"version-history":[{"count":13,"href":"https:\/\/www.katla-architektur.de\/wordpress\/wp-json\/wp\/v2\/pages\/40\/revisions"}],"predecessor-version":[{"id":527,"href":"https:\/\/www.katla-architektur.de\/wordpress\/wp-json\/wp\/v2\/pages\/40\/revisions\/527"}],"wp:attachment":[{"href":"https:\/\/www.katla-architektur.de\/wordpress\/wp-json\/wp\/v2\/media?parent=40"}],"curies":[{"name":"wp","href":"https:\/\/api.w.org\/{rel}","templated":true}]}}