{"id":8,"date":"2021-01-13T19:26:57","date_gmt":"2021-01-13T18:26:57","guid":{"rendered":"https:\/\/www.katla-architektur.de\/wordpress\/?page_id=8"},"modified":"2021-12-22T21:00:56","modified_gmt":"2021-12-22T20:00:56","slug":"startseite","status":"publish","type":"page","link":"https:\/\/www.katla-architektur.de\/wordpress\/","title":{"rendered":"herzlich willkommen auf katla architektur"},"content":{"rendered":"\n<p class=\"has-text-align-left\">Die M\u00f6glichkeiten der Architektur liegen in unseren H\u00e4nden&#8230; <br><br>Von den ersten Strichen auf dem Papier bis hin zu dem fertigen Geb\u00e4ude ist es ein langer Weg und das Wichtigste hierbei, dass die zuk\u00fcnftigen Nutzer sich dort wohlf\u00fchlen. Der erste Entwurf ist die Grundlage und weckt gleichzeitig auch die Vorfreude auf das neue Bauprojekt. Mal klassisch schlicht, mal etwas au\u00dfergew\u00f6hnlicher, dabei spielen auch die W\u00fcnsche der Bauherrn eine gro\u00dfe Rolle. Das Sch\u00f6ne an Architektur ist, gemeinsam Ideen zu entwickeln, L\u00f6sungen f\u00fcr Probleme zu finden und die Herausforderungen, die ein Hausbau (oder Umbau) mit sich bringt, zu meistern. Und sich dann am Ende nat\u00fcrlich auch  gemeinsam \u00fcber das Werk, dass man erschaffen hat, zu freuen.&nbsp;<\/p>\n","protected":false},"excerpt":{"rendered":"<p>Die M\u00f6glichkeiten der Architektur liegen in unseren H\u00e4nden&#8230; Von den ersten Strichen auf dem Papier bis hin zu dem fertigen Geb\u00e4ude ist es ein langer Weg und das Wichtigste hierbei, dass die zuk\u00fcnftigen Nutzer sich dort wohlf\u00fchlen. Der erste Entwurf ist die Grundlage und weckt gleichzeitig auch die Vorfreude auf das neue Bauprojekt. Mal klassisch &hellip; <\/p>\n<p class=\"link-more\"><a href=\"https:\/\/www.katla-architektur.de\/wordpress\/\" class=\"more-link\"><span class=\"screen-reader-text\">\u201eherzlich willkommen auf katla architektur\u201c <\/span>weiterlesen<\/a><\/p>\n","protected":false},"author":1,"featured_media":0,"parent":0,"menu_order":0,"comment_status":"closed","ping_status":"closed","template":"","meta":{"footnotes":""},"class_list":["post-8","page","type-page","status-publish","hentry"],"_links":{"self":[{"href":"https:\/\/www.katla-architektur.de\/wordpress\/wp-json\/wp\/v2\/pages\/8","targetHints":{"allow":["GET"]}}],"collection":[{"href":"https:\/\/www.katla-architektur.de\/wordpress\/wp-json\/wp\/v2\/pages"}],"about":[{"href":"https:\/\/www.katla-architektur.de\/wordpress\/wp-json\/wp\/v2\/types\/page"}],"author":[{"embeddable":true,"href":"https:\/\/www.katla-architektur.de\/wordpress\/wp-json\/wp\/v2\/users\/1"}],"replies":[{"embeddable":true,"href":"https:\/\/www.katla-architektur.de\/wordpress\/wp-json\/wp\/v2\/comments?post=8"}],"version-history":[{"count":8,"href":"https:\/\/www.katla-architektur.de\/wordpress\/wp-json\/wp\/v2\/pages\/8\/revisions"}],"predecessor-version":[{"id":530,"href":"https:\/\/www.katla-architektur.de\/wordpress\/wp-json\/wp\/v2\/pages\/8\/revisions\/530"}],"wp:attachment":[{"href":"https:\/\/www.katla-architektur.de\/wordpress\/wp-json\/wp\/v2\/media?parent=8"}],"curies":[{"name":"wp","href":"https:\/\/api.w.org\/{rel}","templated":true}]}}